{"id":12931,"date":"2024-04-20T23:56:47","date_gmt":"2024-04-21T04:56:47","guid":{"rendered":"https:\/\/observatoriosinodalidad.org\/?page_id=12931"},"modified":"2025-07-14T18:55:10","modified_gmt":"2025-07-14T23:55:10","slug":"documentos-do-sinodo","status":"publish","type":"page","link":"https:\/\/observatoriosinodalidad.org\/pt-br\/documentos-do-sinodo\/","title":{"rendered":"Documentos do S\u00ednodo"},"content":{"rendered":"<div id=\"cmsmasters_row_nofslyz1hn\" class=\"cmsmasters_row cmsmasters_color_scheme_default cmsmasters_row_top_default cmsmasters_row_bot_default cmsmasters_row_boxed\">\n<div class=\"cmsmasters_row_outer_parent\">\n<div class=\"cmsmasters_row_outer\">\n<div class=\"cmsmasters_row_inner\">\n<div class=\"cmsmasters_row_margin\">\n<div id=\"cmsmasters_column_tsg36hzfki\" class=\"cmsmasters_column one_first\">\n<div class=\"cmsmasters_column_inner\"><div id=\"cmsmasters_heading_rrgejmijg\" class=\"cmsmasters_heading_wrap cmsmasters_heading_align_center\">\n\t<h2 class=\"cmsmasters_heading\">Documentos do S\u00ednodo<\/h2>\n<\/div>\n<\/div><\/div>\n<\/div>\n<\/div>\n<\/div>\n<\/div>\n<\/div>\n<div id=\"cmsmasters_row_2e2zohvnq\" class=\"cmsmasters_row cmsmasters_color_scheme_default cmsmasters_row_top_default cmsmasters_row_bot_default cmsmasters_row_boxed\">\n<div class=\"cmsmasters_row_outer_parent\">\n<div class=\"cmsmasters_row_outer\">\n<div class=\"cmsmasters_row_inner\">\n<div class=\"cmsmasters_row_margin\">\n<div id=\"cmsmasters_column_lj2me26qyg\" class=\"cmsmasters_column one_first\">\n<div class=\"cmsmasters_column_inner\"><div class=\"cmsmasters_text\">\n<p>Nesse espa\u00e7o, v\u00e1rios <strong>documentos relacionados ao S\u00ednodo da Sinodalidade<\/strong> s\u00e3o compilados para facilitar a pesquisa e a consulta.<\/p>\n<\/div>\n<\/div><\/div>\n<\/div>\n<\/div>\n<\/div>\n<\/div>\n<\/div>\n<div id=\"cmsmasters_row_8mlb79dhe\" class=\"cmsmasters_row cmsmasters_color_scheme_first cmsmasters_row_top_default cmsmasters_row_bot_default cmsmasters_row_boxed\">\n<div class=\"cmsmasters_row_outer_parent\">\n<div class=\"cmsmasters_row_overlay\"><\/div>\n<div class=\"cmsmasters_row_outer\">\n<div class=\"cmsmasters_row_inner\">\n<div class=\"cmsmasters_row_margin\">\n<div id=\"cmsmasters_column_zsn05jn5dn\" class=\"cmsmasters_column one_fourth\">\n<div class=\"cmsmasters_column_inner\"><div class=\"aligncenter\"><div class=\"cmsmasters_img  cmsmasters_image_c\"><a href=\"https:\/\/observatoriosinodalidad.org\/wp-content\/uploads\/2025\/07\/pistas-implementacao-sinodo.pdf\" target=\"_blank\"><img decoding=\"async\" src=\"https:\/\/observatoriosinodalidad.org\/wp-content\/uploads\/2025\/07\/pistas-implementacao-sinodo.png\" \/><\/a><\/div><\/div>\n<\/div><\/div>\n<div id=\"cmsmasters_column_ru9bozjiue\" class=\"cmsmasters_column one_fourth\">\n<div class=\"cmsmasters_column_inner\"><div class=\"cmsmasters_img  cmsmasters_image_n\"><a href=\"https:\/\/observatoriosinodalidad.org\/wp-content\/uploads\/2024\/12\/Sidodo-2024_Documento-Final_PT.pdf\" target=\"_blank\"><img decoding=\"async\" src=\"https:\/\/observatoriosinodalidad.org\/wp-content\/uploads\/2024\/12\/sinodo2024_documento-final_pt.png\" alt=\"S\u00ednodo 2024 - Documento final\" \/><\/a><\/div>\n<\/div><\/div>\n<div id=\"cmsmasters_column_yfyzn3q2n5\" class=\"cmsmasters_column one_fourth\">\n<div class=\"cmsmasters_column_inner\"><div class=\"cmsmasters_img  cmsmasters_image_n\"><a href=\"https:\/\/observatoriosinodalidad.org\/wp-content\/uploads\/2024\/08\/Documento-007_Instrumentum-Laboris.pdf\" target=\"_blank\"><img decoding=\"async\" src=\"https:\/\/observatoriosinodalidad.org\/wp-content\/uploads\/2024\/08\/portada-informe-sinodo-PG_Mesa-de-trabajo-007.png\" \/><\/a><\/div>\n<\/div><\/div>\n<div id=\"cmsmasters_column_qxjc7pwb5e\" class=\"cmsmasters_column one_fourth\">\n<div class=\"cmsmasters_column_inner\"><div class=\"cmsmasters_img  cmsmasters_image_n\"><img decoding=\"async\" src=\"https:\/\/observatoriosinodalidad.org\/wp-content\/uploads\/2024\/08\/portada-informe-sinodo-PG_Mesa-de-trabajo-006.png\" alt=\"S\u00edntese das contribui\u00e7\u00f5es da Am\u00e9rica Latina e do Caribe para a segunda sess\u00e3o do S\u00ednodo sobre a Sinodalidade\" \/><\/div>\n<\/div><\/div>\n<\/div>\n<\/div>\n<\/div>\n<\/div>\n<\/div>\n<div id=\"cmsmasters_row_z9atgwmw9i\" class=\"cmsmasters_row cmsmasters_color_scheme_first cmsmasters_row_top_default cmsmasters_row_bot_default cmsmasters_row_boxed\">\n<div class=\"cmsmasters_row_outer_parent\">\n<div class=\"cmsmasters_row_overlay\"><\/div>\n<div class=\"cmsmasters_row_outer\">\n<div class=\"cmsmasters_row_inner\">\n<div class=\"cmsmasters_row_margin\">\n<div id=\"cmsmasters_column_ovdjajn1e9\" class=\"cmsmasters_column one_fourth\">\n<div class=\"cmsmasters_column_inner\"><div class=\"cmsmasters_img  cmsmasters_image_n\"><a href=\"https:\/\/observatoriosinodalidad.org\/wp-content\/uploads\/2024\/04\/Grupos-de-Estudio_PT.pdf\" target=\"_blank\"><img decoding=\"async\" src=\"https:\/\/observatoriosinodalidad.org\/wp-content\/uploads\/2024\/04\/Grupos-de-estudo-sobre-questoes-relevantes-do-Relatorio-de-Sintese.png\" alt=\"Grupos de estudo sobre quest\u00f5es relevantes do Relat\u00f3rio de S\u00edntese\" \/><\/a><\/div>\n<\/div><\/div>\n<div id=\"cmsmasters_column_9150121c7a\" class=\"cmsmasters_column one_fourth\">\n<div class=\"cmsmasters_column_inner\"><div class=\"cmsmasters_img  cmsmasters_image_n\"><a href=\"https:\/\/observatoriosinodalidad.org\/wp-content\/uploads\/2024\/04\/Como-ser-una-Iglesia-sinodal-en-mision_PT.pdf\" target=\"_blank\"><img decoding=\"async\" src=\"https:\/\/observatoriosinodalidad.org\/wp-content\/uploads\/2024\/04\/Como-ser-uma-Igreja-sinodal-em-missao.png\" alt=\"Como ser uma Igreja sinodal em miss\u00e3o?\" \/><\/a><\/div>\n<\/div><\/div>\n<div id=\"cmsmasters_column_ll94icnpic\" class=\"cmsmasters_column one_fourth\">\n<div class=\"cmsmasters_column_inner\"><div class=\"cmsmasters_img  cmsmasters_image_n\"><a href=\"https:\/\/observatoriosinodalidad.org\/wp-content\/uploads\/2024\/04\/Hacia-octubre-de-2024_PT.pdf\" target=\"_blank\"><img decoding=\"async\" src=\"https:\/\/observatoriosinodalidad.org\/wp-content\/uploads\/2024\/04\/Ate-outubro-de-2024.png\" alt=\"At\u00e9 outubro de 2024\" \/><\/a><\/div>\n<\/div><\/div>\n<div id=\"cmsmasters_column_y64gtz43gr\" class=\"cmsmasters_column one_fourth\">\n<div class=\"cmsmasters_column_inner\"><div class=\"cmsmasters_img  cmsmasters_image_n\"><a href=\"https:\/\/observatoriosinodalidad.org\/wp-content\/uploads\/2024\/04\/Informe-de-sintesis_PT.pdf\" target=\"_blank\"><img decoding=\"async\" src=\"https:\/\/observatoriosinodalidad.org\/wp-content\/uploads\/2024\/04\/Uma-Igreja-sinodal-em-Relatorio-de-sintese.png\" alt=\"Uma Igreja sinodal em miss\u00e3o\" \/><\/a><\/div>\n<\/div><\/div>\n<\/div>\n<\/div>\n<\/div>\n<\/div>\n<\/div>\n<div id=\"cmsmasters_row_evunwab5f\" class=\"cmsmasters_row cmsmasters_color_scheme_first cmsmasters_row_top_default cmsmasters_row_bot_default cmsmasters_row_boxed\">\n<div class=\"cmsmasters_row_outer_parent\">\n<div class=\"cmsmasters_row_overlay\"><\/div>\n<div class=\"cmsmasters_row_outer\">\n<div class=\"cmsmasters_row_inner\">\n<div class=\"cmsmasters_row_margin\">\n<div id=\"cmsmasters_column_et4cbmrjin\" class=\"cmsmasters_column one_fourth\">\n<div class=\"cmsmasters_column_inner\"><div class=\"cmsmasters_img  cmsmasters_image_n\"><a href=\"https:\/\/observatoriosinodalidad.org\/wp-content\/uploads\/2024\/04\/Carta-al-Pueblo-de-Dios_PT.pdf\" target=\"_blank\"><img decoding=\"async\" src=\"https:\/\/observatoriosinodalidad.org\/wp-content\/uploads\/2024\/04\/Carta-da-16a-Assembleia-Geral-Ordinaria-do-Sinodo-dos-Bospos-ao-Povo-de-Deus.png\" alt=\"Carta da 16a Assembleia Geral Ordin\u00e1ria do S\u00ednodo dos Bispos ao Povo de Deus\" \/><\/a><\/div>\n<\/div><\/div>\n<div id=\"cmsmasters_column_xaxnee22qu\" class=\"cmsmasters_column one_fourth\">\n<div class=\"cmsmasters_column_inner\"><\/div><\/div>\n<div id=\"cmsmasters_column_n87tm7xp3\" class=\"cmsmasters_column one_fourth\">\n<div class=\"cmsmasters_column_inner\"><\/div><\/div>\n<div id=\"cmsmasters_column_814kvierqj\" class=\"cmsmasters_column one_fourth\">\n<div class=\"cmsmasters_column_inner\"><\/div><\/div>\n<\/div>\n<\/div>\n<\/div>\n<\/div>\n<\/div>\n<div id=\"cmsmasters_row_9og9c005jw\" class=\"cmsmasters_row cmsmasters_color_scheme_default cmsmasters_row_top_default cmsmasters_row_bot_default cmsmasters_row_boxed\">\n<div class=\"cmsmasters_row_outer_parent\">\n<div class=\"cmsmasters_row_outer\">\n<div class=\"cmsmasters_row_inner\">\n<div class=\"cmsmasters_row_margin\">\n<div id=\"cmsmasters_column_6l2l06gnlr\" class=\"cmsmasters_column one_first\">\n<div class=\"cmsmasters_column_inner\"><div id=\"cmsmasters_heading_va3e3quiak\" class=\"cmsmasters_heading_wrap cmsmasters_heading_align_center\">\n\t<h2 class=\"cmsmasters_heading\"><a href=\"https:\/\/docs.google.com\/forms\/d\/e\/1FAIpQLScKqIFMWFYkj4RsnMvIiRUUMVxWgLNUZbcIs6L4Fn3aPT1QtA\/viewform\" target=\"_blank\">Assine nosso boletim informativo<\/a><\/h2>\n<\/div>\n<\/div><\/div>\n<\/div>\n<\/div>\n<\/div>\n<\/div>\n<\/div>\n\n","protected":false},"excerpt":{"rendered":"","protected":false},"author":1,"featured_media":0,"parent":0,"menu_order":0,"comment_status":"closed","ping_status":"closed","template":"","meta":{"footnotes":""},"class_list":["post-12931","page","type-page","status-publish","hentry"],"yoast_head":"<!-- This site is optimized with the Yoast SEO Premium plugin v26.8 (Yoast SEO v27.4) - https:\/\/yoast.com\/product\/yoast-seo-premium-wordpress\/ -->\n<title>Documentos do S\u00ednodo - Observatorio Latinoamericano de la Sinodalidad<\/title>\n<meta name=\"robots\" content=\"index, follow, max-snippet:-1, max-image-preview:large, max-video-preview:-1\" \/>\n<link rel=\"canonical\" href=\"https:\/\/observatoriosinodalidad.org\/pt-br\/documentos-do-sinodo\/\" \/>\n<meta property=\"og:locale\" content=\"pt_BR\" \/>\n<meta property=\"og:type\" content=\"article\" \/>\n<meta property=\"og:title\" content=\"Documentos do S\u00ednodo\" \/>\n<meta property=\"og:url\" content=\"https:\/\/observatoriosinodalidad.org\/pt-br\/documentos-do-sinodo\/\" \/>\n<meta property=\"og:site_name\" content=\"Observatorio Latinoamericano de la Sinodalidad\" \/>\n<meta property=\"article:publisher\" content=\"https:\/\/www.facebook.com\/profile.php?id=61557630161102\" \/>\n<meta property=\"article:modified_time\" content=\"2025-07-14T23:55:10+00:00\" \/>\n<meta name=\"twitter:card\" content=\"summary_large_image\" \/>\n<meta name=\"twitter:site\" content=\"@O_Sinodalidad\" \/>\n<meta name=\"twitter:label1\" content=\"Est. tempo de leitura\" \/>\n\t<meta name=\"twitter:data1\" content=\"1 minuto\" \/>\n<script type=\"application\/ld+json\" class=\"yoast-schema-graph\">{\"@context\":\"https:\\\/\\\/schema.org\",\"@graph\":[{\"@type\":\"WebPage\",\"@id\":\"https:\\\/\\\/observatoriosinodalidad.org\\\/pt-br\\\/documentos-do-sinodo\\\/\",\"url\":\"https:\\\/\\\/observatoriosinodalidad.org\\\/pt-br\\\/documentos-do-sinodo\\\/\",\"name\":\"Documentos do S\u00ednodo - Observatorio Latinoamericano de la Sinodalidad\",\"isPartOf\":{\"@id\":\"https:\\\/\\\/observatoriosinodalidad.org\\\/#website\"},\"datePublished\":\"2024-04-21T04:56:47+00:00\",\"dateModified\":\"2025-07-14T23:55:10+00:00\",\"breadcrumb\":{\"@id\":\"https:\\\/\\\/observatoriosinodalidad.org\\\/pt-br\\\/documentos-do-sinodo\\\/#breadcrumb\"},\"inLanguage\":\"pt-BR\",\"potentialAction\":[{\"@type\":\"ReadAction\",\"target\":[\"https:\\\/\\\/observatoriosinodalidad.org\\\/pt-br\\\/documentos-do-sinodo\\\/\"]}]},{\"@type\":\"BreadcrumbList\",\"@id\":\"https:\\\/\\\/observatoriosinodalidad.org\\\/pt-br\\\/documentos-do-sinodo\\\/#breadcrumb\",\"itemListElement\":[{\"@type\":\"ListItem\",\"position\":1,\"name\":\"Inicio\",\"item\":\"https:\\\/\\\/observatoriosinodalidad.org\\\/pt-br\\\/\"},{\"@type\":\"ListItem\",\"position\":2,\"name\":\"Documentos do S\u00ednodo\"}]},{\"@type\":\"WebSite\",\"@id\":\"https:\\\/\\\/observatoriosinodalidad.org\\\/#website\",\"url\":\"https:\\\/\\\/observatoriosinodalidad.org\\\/\",\"name\":\"Observatorio Latinoamericano de la Sinodalidad\",\"description\":\"\",\"publisher\":{\"@id\":\"https:\\\/\\\/observatoriosinodalidad.org\\\/#organization\"},\"potentialAction\":[{\"@type\":\"SearchAction\",\"target\":{\"@type\":\"EntryPoint\",\"urlTemplate\":\"https:\\\/\\\/observatoriosinodalidad.org\\\/?s={search_term_string}\"},\"query-input\":{\"@type\":\"PropertyValueSpecification\",\"valueRequired\":true,\"valueName\":\"search_term_string\"}}],\"inLanguage\":\"pt-BR\"},{\"@type\":\"Organization\",\"@id\":\"https:\\\/\\\/observatoriosinodalidad.org\\\/#organization\",\"name\":\"Observatorio Latinoamericano de la Sinodalidad\",\"url\":\"https:\\\/\\\/observatoriosinodalidad.org\\\/\",\"logo\":{\"@type\":\"ImageObject\",\"inLanguage\":\"pt-BR\",\"@id\":\"https:\\\/\\\/observatoriosinodalidad.org\\\/#\\\/schema\\\/logo\\\/image\\\/\",\"url\":\"https:\\\/\\\/observatoriosinodalidad.org\\\/wp-content\\\/uploads\\\/2024\\\/03\\\/logo.png\",\"contentUrl\":\"https:\\\/\\\/observatoriosinodalidad.org\\\/wp-content\\\/uploads\\\/2024\\\/03\\\/logo.png\",\"width\":250,\"height\":90,\"caption\":\"Observatorio Latinoamericano de la Sinodalidad\"},\"image\":{\"@id\":\"https:\\\/\\\/observatoriosinodalidad.org\\\/#\\\/schema\\\/logo\\\/image\\\/\"},\"sameAs\":[\"https:\\\/\\\/www.facebook.com\\\/profile.php?id=61557630161102\",\"https:\\\/\\\/x.com\\\/O_Sinodalidad\",\"https:\\\/\\\/www.youtube.com\\\/channel\\\/UC-45VOYfrCGFA-mycUuaX2A\",\"https:\\\/\\\/www.instagram.com\\\/observatoriosinodalidad\\\/\"]}]}<\/script>\n<!-- \/ Yoast SEO Premium plugin. -->","yoast_head_json":{"title":"Documentos do S\u00ednodo - Observatorio Latinoamericano de la Sinodalidad","robots":{"index":"index","follow":"follow","max-snippet":"max-snippet:-1","max-image-preview":"max-image-preview:large","max-video-preview":"max-video-preview:-1"},"canonical":"https:\/\/observatoriosinodalidad.org\/pt-br\/documentos-do-sinodo\/","og_locale":"pt_BR","og_type":"article","og_title":"Documentos do S\u00ednodo","og_url":"https:\/\/observatoriosinodalidad.org\/pt-br\/documentos-do-sinodo\/","og_site_name":"Observatorio Latinoamericano de la Sinodalidad","article_publisher":"https:\/\/www.facebook.com\/profile.php?id=61557630161102","article_modified_time":"2025-07-14T23:55:10+00:00","twitter_card":"summary_large_image","twitter_site":"@O_Sinodalidad","twitter_misc":{"Est. tempo de leitura":"1 minuto"},"schema":{"@context":"https:\/\/schema.org","@graph":[{"@type":"WebPage","@id":"https:\/\/observatoriosinodalidad.org\/pt-br\/documentos-do-sinodo\/","url":"https:\/\/observatoriosinodalidad.org\/pt-br\/documentos-do-sinodo\/","name":"Documentos do S\u00ednodo - Observatorio Latinoamericano de la Sinodalidad","isPartOf":{"@id":"https:\/\/observatoriosinodalidad.org\/#website"},"datePublished":"2024-04-21T04:56:47+00:00","dateModified":"2025-07-14T23:55:10+00:00","breadcrumb":{"@id":"https:\/\/observatoriosinodalidad.org\/pt-br\/documentos-do-sinodo\/#breadcrumb"},"inLanguage":"pt-BR","potentialAction":[{"@type":"ReadAction","target":["https:\/\/observatoriosinodalidad.org\/pt-br\/documentos-do-sinodo\/"]}]},{"@type":"BreadcrumbList","@id":"https:\/\/observatoriosinodalidad.org\/pt-br\/documentos-do-sinodo\/#breadcrumb","itemListElement":[{"@type":"ListItem","position":1,"name":"Inicio","item":"https:\/\/observatoriosinodalidad.org\/pt-br\/"},{"@type":"ListItem","position":2,"name":"Documentos do S\u00ednodo"}]},{"@type":"WebSite","@id":"https:\/\/observatoriosinodalidad.org\/#website","url":"https:\/\/observatoriosinodalidad.org\/","name":"Observatorio Latinoamericano de la Sinodalidad","description":"","publisher":{"@id":"https:\/\/observatoriosinodalidad.org\/#organization"},"potentialAction":[{"@type":"SearchAction","target":{"@type":"EntryPoint","urlTemplate":"https:\/\/observatoriosinodalidad.org\/?s={search_term_string}"},"query-input":{"@type":"PropertyValueSpecification","valueRequired":true,"valueName":"search_term_string"}}],"inLanguage":"pt-BR"},{"@type":"Organization","@id":"https:\/\/observatoriosinodalidad.org\/#organization","name":"Observatorio Latinoamericano de la Sinodalidad","url":"https:\/\/observatoriosinodalidad.org\/","logo":{"@type":"ImageObject","inLanguage":"pt-BR","@id":"https:\/\/observatoriosinodalidad.org\/#\/schema\/logo\/image\/","url":"https:\/\/observatoriosinodalidad.org\/wp-content\/uploads\/2024\/03\/logo.png","contentUrl":"https:\/\/observatoriosinodalidad.org\/wp-content\/uploads\/2024\/03\/logo.png","width":250,"height":90,"caption":"Observatorio Latinoamericano de la Sinodalidad"},"image":{"@id":"https:\/\/observatoriosinodalidad.org\/#\/schema\/logo\/image\/"},"sameAs":["https:\/\/www.facebook.com\/profile.php?id=61557630161102","https:\/\/x.com\/O_Sinodalidad","https:\/\/www.youtube.com\/channel\/UC-45VOYfrCGFA-mycUuaX2A","https:\/\/www.instagram.com\/observatoriosinodalidad\/"]}]}},"_links":{"self":[{"href":"https:\/\/observatoriosinodalidad.org\/pt-br\/wp-json\/wp\/v2\/pages\/12931","targetHints":{"allow":["GET"]}}],"collection":[{"href":"https:\/\/observatoriosinodalidad.org\/pt-br\/wp-json\/wp\/v2\/pages"}],"about":[{"href":"https:\/\/observatoriosinodalidad.org\/pt-br\/wp-json\/wp\/v2\/types\/page"}],"author":[{"embeddable":true,"href":"https:\/\/observatoriosinodalidad.org\/pt-br\/wp-json\/wp\/v2\/users\/1"}],"replies":[{"embeddable":true,"href":"https:\/\/observatoriosinodalidad.org\/pt-br\/wp-json\/wp\/v2\/comments?post=12931"}],"version-history":[{"count":12,"href":"https:\/\/observatoriosinodalidad.org\/pt-br\/wp-json\/wp\/v2\/pages\/12931\/revisions"}],"predecessor-version":[{"id":16631,"href":"https:\/\/observatoriosinodalidad.org\/pt-br\/wp-json\/wp\/v2\/pages\/12931\/revisions\/16631"}],"wp:attachment":[{"href":"https:\/\/observatoriosinodalidad.org\/pt-br\/wp-json\/wp\/v2\/media?parent=12931"}],"curies":[{"name":"wp","href":"https:\/\/api.w.org\/{rel}","templated":true}]}}